{"id":746,"date":"2025-05-13T01:32:28","date_gmt":"2025-05-12T23:32:28","guid":{"rendered":"https:\/\/apetahi.com\/?page_id=746"},"modified":"2025-05-13T02:14:52","modified_gmt":"2025-05-13T00:14:52","slug":"faq","status":"publish","type":"page","link":"https:\/\/apetahi.com\/fr\/faq\/","title":{"rendered":"FAQ"},"content":{"rendered":"<p>[et_pb_section fb_built=\u00a0\u00bb1&Prime; custom_padding_last_edited=\u00a0\u00bbon|phone\u00a0\u00bb _builder_version=\u00a0\u00bb4.17.4&Prime; _module_preset=\u00a0\u00bbdefault\u00a0\u00bb custom_padding_tablet=\u00a0\u00bb||||false|false\u00a0\u00bb custom_padding_phone=\u00a0\u00bb||||false|false\u00a0\u00bb bottom_divider_height=\u00a0\u00bb150px\u00a0\u00bb bottom_divider_flip=\u00a0\u00bbhorizontal\u00a0\u00bb hover_enabled=\u00a0\u00bb0&Prime; locked=\u00a0\u00bboff\u00a0\u00bb global_colors_info=\u00a0\u00bb{}\u00a0\u00bb theme_builder_area=\u00a0\u00bbpost_content\u00a0\u00bb title_text=\u00a0\u00bbcatamaran croisiere en amoureux bora bora\u00a0\u00bb sticky_enabled=\u00a0\u00bb0&Prime; background_image=\u00a0\u00bbhttps:\/\/apetahi.com\/wp-content\/uploads\/2025\/05\/catamaran-croisiere-en-amoureux-bora-bora.jpeg\u00a0\u00bb background_position=\u00a0\u00bbbottom_center\u00a0\u00bb background_last_edited=\u00a0\u00bbon|phone\u00a0\u00bb background_vertical_offset_phone=\u00a0\u00bb20%\u00a0\u00bb background_vertical_offset=\u00a0\u00bb30%\u00a0\u00bb][et_pb_row custom_padding_last_edited=\u00a0\u00bbon|tablet\u00a0\u00bb _builder_version=\u00a0\u00bb4.19.3&Prime; _module_preset=\u00a0\u00bbdefault\u00a0\u00bb custom_padding=\u00a0\u00bb||||false|false\u00a0\u00bb custom_padding_tablet=\u00a0\u00bb0px||0px||false|false\u00a0\u00bb custom_padding_phone=\u00a0\u00bb0px||0px||false|false\u00a0\u00bb global_colors_info=\u00a0\u00bb{}\u00a0\u00bb theme_builder_area=\u00a0\u00bbpost_content\u00a0\u00bb][et_pb_column type=\u00a0\u00bb4_4&Prime; _builder_version=\u00a0\u00bb4.16&Prime; _module_preset=\u00a0\u00bbdefault\u00a0\u00bb global_colors_info=\u00a0\u00bb{}\u00a0\u00bb theme_builder_area=\u00a0\u00bbpost_content\u00a0\u00bb][et_pb_text admin_label=\u00a0\u00bbPage Title\u00a0\u00bb _builder_version=\u00a0\u00bb4.19.4&Prime; _dynamic_attributes=\u00a0\u00bbcontent\u00a0\u00bb _module_preset=\u00a0\u00bbdefault\u00a0\u00bb text_font=\u00a0\u00bb||||||||\u00a0\u00bb header_font=\u00a0\u00bb|600|||||||\u00a0\u00bb header_font_size=\u00a0\u00bb50px\u00a0\u00bb background_layout=\u00a0\u00bbdark\u00a0\u00bb custom_margin=\u00a0\u00bb||0px||false|false\u00a0\u00bb header_font_size_tablet=\u00a0\u00bb40px\u00a0\u00bb header_font_size_phone=\u00a0\u00bb30px\u00a0\u00bb header_font_size_last_edited=\u00a0\u00bbon|desktop\u00a0\u00bb global_colors_info=\u00a0\u00bb{}\u00a0\u00bb theme_builder_area=\u00a0\u00bbpost_content\u00a0\u00bb]@ET-DC@eyJkeW5hbWljIjp0cnVlLCJjb250ZW50IjoicG9zdF90aXRsZSIsInNldHRpbmdzIjp7ImJlZm9yZSI6IjxoMT4iLCJhZnRlciI6IjwvaDE+In19@[\/et_pb_text][\/et_pb_column][\/et_pb_row][\/et_pb_section][et_pb_section fb_built=\u00a0\u00bb1&Prime; custom_padding_last_edited=\u00a0\u00bbon|tablet\u00a0\u00bb _builder_version=\u00a0\u00bb4.19.3&Prime; _module_preset=\u00a0\u00bbdefault\u00a0\u00bb background_color=\u00a0\u00bb#f9f9f9&Prime; custom_padding_tablet=\u00a0\u00bb||30px||false|false\u00a0\u00bb custom_padding_phone=\u00a0\u00bb||30px||false|false\u00a0\u00bb locked=\u00a0\u00bboff\u00a0\u00bb global_colors_info=\u00a0\u00bb{}\u00a0\u00bb theme_builder_area=\u00a0\u00bbpost_content\u00a0\u00bb][et_pb_row make_equal=\u00a0\u00bbon\u00a0\u00bb custom_padding_last_edited=\u00a0\u00bbon|tablet\u00a0\u00bb _builder_version=\u00a0\u00bb4.19.3&Prime; _module_preset=\u00a0\u00bbdefault\u00a0\u00bb custom_padding_tablet=\u00a0\u00bb0px||0px||false|false\u00a0\u00bb custom_padding_phone=\u00a0\u00bb0px||0px||false|false\u00a0\u00bb custom_css_main_element=\u00a0\u00bbalign-items: center;\u00a0\u00bb global_colors_info=\u00a0\u00bb{}\u00a0\u00bb theme_builder_area=\u00a0\u00bbpost_content\u00a0\u00bb][et_pb_column type=\u00a0\u00bb4_4&Prime; _builder_version=\u00a0\u00bb4.18.0&Prime; _module_preset=\u00a0\u00bbdefault\u00a0\u00bb global_colors_info=\u00a0\u00bb{}\u00a0\u00bb theme_builder_area=\u00a0\u00bbpost_content\u00a0\u00bb][et_pb_text admin_label=\u00a0\u00bbSub Title\u00a0\u00bb _builder_version=\u00a0\u00bb4.17.4&Prime; _module_preset=\u00a0\u00bbdefault\u00a0\u00bb text_font=\u00a0\u00bb|600|||||||\u00a0\u00bb text_text_color=\u00a0\u00bb#d9ad81&Prime; text_font_size=\u00a0\u00bb20px\u00a0\u00bb background_layout=\u00a0\u00bbdark\u00a0\u00bb custom_margin=\u00a0\u00bb||10px||false|false\u00a0\u00bb hover_enabled=\u00a0\u00bb0&Prime; text_font_size_tablet=\u00a0\u00bb18px\u00a0\u00bb text_font_size_phone=\u00a0\u00bb16px\u00a0\u00bb text_font_size_last_edited=\u00a0\u00bbon|desktop\u00a0\u00bb locked=\u00a0\u00bboff\u00a0\u00bb global_colors_info=\u00a0\u00bb{}\u00a0\u00bb theme_builder_area=\u00a0\u00bbpost_content\u00a0\u00bb sticky_enabled=\u00a0\u00bb0&Prime; header_3_font=\u00a0\u00bb|700|||||||\u00a0\u00bb header_3_text_color=\u00a0\u00bb#BD292A\u00a0\u00bb header_3_text_align=\u00a0\u00bbcenter\u00a0\u00bb]<\/p>\n<h3>Questions \/ R\u00e9ponses<\/h3>\n<p>[\/et_pb_text][et_pb_text admin_label=\u00a0\u00bbFrequently Asked Questions\u00a0\u00bb _builder_version=\u00a0\u00bb4.17.4&Prime; _module_preset=\u00a0\u00bbdefault\u00a0\u00bb custom_margin=\u00a0\u00bb||20px||false|false\u00a0\u00bb custom_padding=\u00a0\u00bb||||false|false\u00a0\u00bb hover_enabled=\u00a0\u00bb0&Prime; global_colors_info=\u00a0\u00bb{}\u00a0\u00bb theme_builder_area=\u00a0\u00bbpost_content\u00a0\u00bb sticky_enabled=\u00a0\u00bb0&Prime; header_2_font=\u00a0\u00bb|800||||on|||\u00a0\u00bb header_2_text_align=\u00a0\u00bbcenter\u00a0\u00bb]<\/p>\n<h2>\u00a0Croisi\u00e8res Apetahi en Polyn\u00e9sie<\/h2>\n<p>[\/et_pb_text][\/et_pb_column][\/et_pb_row][et_pb_row _builder_version=\u00a0\u00bb4.17.4&Prime; _module_preset=\u00a0\u00bbdefault\u00a0\u00bb column_structure=\u00a0\u00bb3_4,1_4&Prime; theme_builder_area=\u00a0\u00bbpost_content\u00a0\u00bb][et_pb_column _builder_version=\u00a0\u00bb4.17.4&Prime; _module_preset=\u00a0\u00bbdefault\u00a0\u00bb type=\u00a0\u00bb3_4&Prime; theme_builder_area=\u00a0\u00bbpost_content\u00a0\u00bb][et_pb_toggle title=\u00a0\u00bbPourquoi privil\u00e9gier une croisi\u00e8re en catamaran pour votre voyage en Polyn\u00e9sie ?\u00a0\u00bb _builder_version=\u00a0\u00bb4.17.4&Prime; _module_preset=\u00a0\u00bbdefault\u00a0\u00bb theme_builder_area=\u00a0\u00bbpost_content\u00a0\u00bb hover_enabled=\u00a0\u00bb0&Prime; sticky_enabled=\u00a0\u00bb0&Prime; icon_color=\u00a0\u00bb#03989E\u00a0\u00bb toggle_icon=\u00a0\u00bb&#x74;||divi||400&Prime; use_icon_font_size=\u00a0\u00bbon\u00a0\u00bb icon_font_size=\u00a0\u00bb30px\u00a0\u00bb open_icon_color=\u00a0\u00bb#BD292A\u00a0\u00bb title_font=\u00a0\u00bbMontserrat|600|||||||\u00a0\u00bb title_text_align=\u00a0\u00bbcenter\u00a0\u00bb title_font_size=\u00a0\u00bb16px\u00a0\u00bb title_letter_spacing=\u00a0\u00bb1px\u00a0\u00bb title_line_height=\u00a0\u00bb1.3em\u00a0\u00bb border_width_all=\u00a0\u00bb0px\u00a0\u00bb box_shadow_style=\u00a0\u00bbpreset2&Prime; open_toggle_background_color=\u00a0\u00bb#FFFFFF\u00a0\u00bb closed_toggle_background_color=\u00a0\u00bb#FFFFFF\u00a0\u00bb open_toggle_text_color=\u00a0\u00bb#03989E\u00a0\u00bb title_text_color=\u00a0\u00bb#03989E\u00a0\u00bb]<\/p>\n<p>Les avantages de r\u00e9server une croisi\u00e8re en catamaran en Polyn\u00e9sie sont nombreux :<\/p>\n<p>\u2022\u2060 \u2060D\u00e9couverte de plusieurs \u00eeles en un seul voyage (pas de perte de temps \u00e0 l&rsquo;a\u00e9roport, taxi \u00e0 g\u00e9rer, h\u00f4tel, valises \u00e0 transporter)<br \/>\u2022\u2060 \u2060On vous pr\u00e9parera de d\u00e9licieux repas<br \/>\u2022\u2060 \u2060L&rsquo;entr\u00e9e dans les passes pour arriver dans le lagon est magnifique, voir ces rouleaux sur le r\u00e9cif et cette verdure, c&rsquo;est un moment unique \u00e0 vivre<br \/>\u2022\u2060 \u2060Exp\u00e9rience unique et personnalis\u00e9e selon vos envies et d\u00e9sirs<br \/>\u2022\u2060 \u2060Confort et s\u00e9curit\u00e9<br \/>\u2022\u2060 \u2060D\u00e9couverte de la faune marine<\/p>\n<p>&nbsp;<\/p>\n<p>[\/et_pb_toggle][et_pb_accordion open_toggle_background_color=\u00a0\u00bb#FFFFFF\u00a0\u00bb closed_toggle_background_color=\u00a0\u00bb#FFFFFF\u00a0\u00bb toggle_icon=\u00a0\u00bb&#xf059;||fa||400&Prime; icon_color=\u00a0\u00bb#03989E\u00a0\u00bb admin_label=\u00a0\u00bbFAQs\u00a0\u00bb _builder_version=\u00a0\u00bb4.17.4&Prime; _module_preset=\u00a0\u00bbdefault\u00a0\u00bb toggle_text_color=\u00a0\u00bb#212121&Prime; custom_margin_tablet=\u00a0\u00bb||0px||false|false\u00a0\u00bb custom_margin_phone=\u00a0\u00bb||0px||false|false\u00a0\u00bb custom_margin_last_edited=\u00a0\u00bbon|tablet\u00a0\u00bb hover_enabled=\u00a0\u00bb0&Prime; border_width_all=\u00a0\u00bb0px\u00a0\u00bb global_colors_info=\u00a0\u00bb{}\u00a0\u00bb theme_builder_area=\u00a0\u00bbpost_content\u00a0\u00bb sticky_enabled=\u00a0\u00bb0&Prime; use_icon_font_size=\u00a0\u00bbon\u00a0\u00bb icon_font_size=\u00a0\u00bb30px\u00a0\u00bb open_toggle_text_color=\u00a0\u00bb#03989E\u00a0\u00bb toggle_font=\u00a0\u00bbMontserrat|600|||||||\u00a0\u00bb toggle_font_size=\u00a0\u00bb18px\u00a0\u00bb toggle_letter_spacing=\u00a0\u00bb1px\u00a0\u00bb box_shadow_style=\u00a0\u00bbpreset2&Prime; closed_toggle_text_color=\u00a0\u00bb#03989E\u00a0\u00bb background_color=\u00a0\u00bb#FFFFFF\u00a0\u00bb][et_pb_accordion_item title=\u00a0\u00bbQuelles sont les meilleures \u00eeles de Polyn\u00e9sie pour une croisi\u00e8re en catamaran ?\u00a0\u00bb open=\u00a0\u00bbon\u00a0\u00bb _builder_version=\u00a0\u00bb4.17.4&Prime; _module_preset=\u00a0\u00bbdefault\u00a0\u00bb hover_enabled=\u00a0\u00bb0&Prime; global_colors_info=\u00a0\u00bb{}\u00a0\u00bb theme_builder_area=\u00a0\u00bbpost_content\u00a0\u00bb sticky_enabled=\u00a0\u00bb0&Prime;]<\/p>\n<p>Les meilleures \u00eeles de Polyn\u00e9sie pour une croisi\u00e8re en catamaran d\u00e9pendent de vos pr\u00e9f\u00e9rences et int\u00e9r\u00eats.<\/p>\n<p>Voici quelques-unes des \u00eeles les plus populaires que vous pourriez d\u00e9couvrir lors de votre croisi\u00e8re \u00e0 bord de l&rsquo;Ap\u00e9tahi :<\/p>\n<p>\u2022\u2060 \u2060\u00celes du vent et sous le vent<br \/>\u2022\u2060 \u2060Tahiti<br \/>\u2022\u2060 \u2060Moorea<br \/>\u2022\u2060 \u2060Bora Bora<br \/>\u2022\u2060 \u2060Huahine<br \/>\u2022\u2060 \u2060Raiatea<br \/>\u2022\u2060 \u2060Taha&rsquo;a<br \/>\u2022\u2060 \u2060Maupiti<br \/>\u2022\u2060 \u2060Les Tuamoutus<br \/>\u2022\u2060 \u2060Fakarava<br \/>\u2022\u2060 \u2060Tikeau<\/p>\n<p>[\/et_pb_accordion_item][et_pb_accordion_item title=\u00a0\u00bbCombien co\u00fbte une croisi\u00e8re en catamaran en Polyn\u00e9sie ?\u00a0\u00bb _builder_version=\u00a0\u00bb4.17.4&Prime; _module_preset=\u00a0\u00bbdefault\u00a0\u00bb hover_enabled=\u00a0\u00bb0&Prime; global_colors_info=\u00a0\u00bb{}\u00a0\u00bb theme_builder_area=\u00a0\u00bbpost_content\u00a0\u00bb open=\u00a0\u00bboff\u00a0\u00bb sticky_enabled=\u00a0\u00bb0&Prime;]<\/p>\n<p>Le co\u00fbt d&rsquo;une croisi\u00e8re en catamaran en Polyn\u00e9sie varie en fonction de la dur\u00e9e du s\u00e9jour, du type de catamaran, des activit\u00e9s et des services inclus. Les prix peuvent aller de quelques centaines d&rsquo;euros par jour pour un catamaran simple \u00e0 plusieurs milliers d&rsquo;euros par jour pour un catamaran de luxe.<\/p>\n<p>[\/et_pb_accordion_item][\/et_pb_accordion][\/et_pb_column][et_pb_column _builder_version=\u00a0\u00bb4.17.4&Prime; _module_preset=\u00a0\u00bbdefault\u00a0\u00bb type=\u00a0\u00bb1_4&Prime; theme_builder_area=\u00a0\u00bbpost_content\u00a0\u00bb][et_pb_toggle title=\u00a0\u00bb Quelles activit\u00e9s puis-je faire lors d&rsquo;une croisi\u00e8re en catamaran en Polyn\u00e9sie ?\u00a0\u00bb _builder_version=\u00a0\u00bb4.17.4&Prime; _module_preset=\u00a0\u00bbdefault\u00a0\u00bb theme_builder_area=\u00a0\u00bbpost_content\u00a0\u00bb hover_enabled=\u00a0\u00bb0&Prime; sticky_enabled=\u00a0\u00bb0&Prime; icon_color=\u00a0\u00bb#03989E\u00a0\u00bb toggle_icon=\u00a0\u00bb&#x74;||divi||400&Prime; use_icon_font_size=\u00a0\u00bbon\u00a0\u00bb icon_font_size=\u00a0\u00bb30px\u00a0\u00bb open_icon_color=\u00a0\u00bb#BD292A\u00a0\u00bb title_font=\u00a0\u00bbMontserrat|600|||||||\u00a0\u00bb title_text_align=\u00a0\u00bbcenter\u00a0\u00bb title_font_size=\u00a0\u00bb16px\u00a0\u00bb title_letter_spacing=\u00a0\u00bb1px\u00a0\u00bb title_line_height=\u00a0\u00bb1.3em\u00a0\u00bb border_width_all=\u00a0\u00bb0px\u00a0\u00bb box_shadow_style=\u00a0\u00bbpreset2&Prime; open_toggle_background_color=\u00a0\u00bb#FFFFFF\u00a0\u00bb closed_toggle_background_color=\u00a0\u00bb#FFFFFF\u00a0\u00bb open_toggle_text_color=\u00a0\u00bb#03989E\u00a0\u00bb title_text_color=\u00a0\u00bb#03989E\u00a0\u00bb]<\/p>\n<p>Lors d&rsquo;une <a href=\"https:\/\/apetahi.com\/fr\/\" target=\"_blank\" rel=\"noopener\">croisi\u00e8re en catamaran en Polyn\u00e9sie<\/a>, tu peux faire diverses activit\u00e9s, telles que :<\/p>\n<p>\u2022\u2060 \u2060Plong\u00e9e en apn\u00e9e (snorkeling)<br \/>\u2022\u2060 \u2060Visite de ferme perli\u00e8re, distillerie de rhum, jardin de corail<br \/>\u2022\u2060 \u2060P\u00eache<br \/>\u2022\u2060 \u2060Kayak<br \/>\u2022\u2060 \u2060Paddle<br \/>\u2022\u2060 \u2060Visite des \u00eeles et des villages, d\u00e9couverte de l&rsquo;artisanat polyn\u00e9sien<br \/>\u2022\u2060 \u2060D\u00e9couverte de la faune et de la flore marine<br \/>\u2022\u2060 \u2060Randonn\u00e9e en montagne<br \/>\u2022\u2060 \u2060jet ski<br \/>\u2022\u2060 \u2060plonger en bouteille<br \/>\u2022\u2060 \u2060d\u00e9jeuner sur un Motu<br \/>\u2022\u2060 \u2060repas spectacle<\/p>\n<p>[\/et_pb_toggle][et_pb_toggle title=\u00a0\u00bbQuels sont les meilleurs mois pour faire une croisi\u00e8re en catamaran en Polyn\u00e9sie ?\u00a0\u00bb _builder_version=\u00a0\u00bb4.17.4&Prime; _module_preset=\u00a0\u00bbdefault\u00a0\u00bb theme_builder_area=\u00a0\u00bbpost_content\u00a0\u00bb hover_enabled=\u00a0\u00bb0&Prime; sticky_enabled=\u00a0\u00bb0&Prime; icon_color=\u00a0\u00bb#03989E\u00a0\u00bb toggle_icon=\u00a0\u00bb&#x74;||divi||400&Prime; use_icon_font_size=\u00a0\u00bbon\u00a0\u00bb icon_font_size=\u00a0\u00bb30px\u00a0\u00bb open_icon_color=\u00a0\u00bb#BD292A\u00a0\u00bb title_font=\u00a0\u00bbMontserrat|600|||||||\u00a0\u00bb title_text_align=\u00a0\u00bbcenter\u00a0\u00bb title_font_size=\u00a0\u00bb16px\u00a0\u00bb title_letter_spacing=\u00a0\u00bb1px\u00a0\u00bb title_line_height=\u00a0\u00bb1.3em\u00a0\u00bb border_width_all=\u00a0\u00bb0px\u00a0\u00bb box_shadow_style=\u00a0\u00bbpreset2&Prime; open_toggle_background_color=\u00a0\u00bb#FFFFFF\u00a0\u00bb closed_toggle_background_color=\u00a0\u00bb#FFFFFF\u00a0\u00bb open_toggle_text_color=\u00a0\u00bb#03989E\u00a0\u00bb title_text_color=\u00a0\u00bb#03989E\u00a0\u00bb]<\/p>\n<p><strong>Les meilleurs mois pour faire une croisi\u00e8re en catamaran en Polyn\u00e9sie<\/strong> d\u00e9pendent de vos pr\u00e9f\u00e9rences et int\u00e9r\u00eats.<\/p>\n<p>Cependant, la saison s\u00e8che (avril \u00e0 octobre) est g\u00e9n\u00e9ralement consid\u00e9r\u00e9e comme la meilleure p\u00e9riode pour visiter la Polyn\u00e9sie.<\/p>\n<p>Mais de novembre \u00e0 mars, l&rsquo;eau est tr\u00e8s chaude et le vent est moins fort, ce qui est id\u00e9al pour d\u00e9couvrir les plaisirs de la voile.<\/p>\n<p>[\/et_pb_toggle][et_pb_toggle title=\u00a0\u00bb\u00c9quipements de s\u00e9curit\u00e9 pour votre croisi\u00e8re catamaran en Polyn\u00e9sie ?\u00a0\u00bb _builder_version=\u00a0\u00bb4.17.4&Prime; _module_preset=\u00a0\u00bbdefault\u00a0\u00bb theme_builder_area=\u00a0\u00bbpost_content\u00a0\u00bb hover_enabled=\u00a0\u00bb0&Prime; sticky_enabled=\u00a0\u00bb0&Prime; icon_color=\u00a0\u00bb#03989E\u00a0\u00bb toggle_icon=\u00a0\u00bb&#x74;||divi||400&Prime; use_icon_font_size=\u00a0\u00bbon\u00a0\u00bb icon_font_size=\u00a0\u00bb30px\u00a0\u00bb open_icon_color=\u00a0\u00bb#BD292A\u00a0\u00bb title_font=\u00a0\u00bbMontserrat|600|||||||\u00a0\u00bb title_text_align=\u00a0\u00bbcenter\u00a0\u00bb title_font_size=\u00a0\u00bb16px\u00a0\u00bb title_letter_spacing=\u00a0\u00bb1px\u00a0\u00bb title_line_height=\u00a0\u00bb1.3em\u00a0\u00bb border_width_all=\u00a0\u00bb0px\u00a0\u00bb box_shadow_style=\u00a0\u00bbpreset2&Prime; open_toggle_background_color=\u00a0\u00bb#FFFFFF\u00a0\u00bb closed_toggle_background_color=\u00a0\u00bb#FFFFFF\u00a0\u00bb open_toggle_text_color=\u00a0\u00bb#03989E\u00a0\u00bb title_text_color=\u00a0\u00bb#03989E\u00a0\u00bb]<\/p>\n<p>Les \u00e9quipements de s\u00e9curit\u00e9 obligatoires pour une <strong>croisi\u00e8re en catamaran en Polyn\u00e9sie<\/strong> incluent :<\/p>\n<p>\u2022\u2060 \u2060Gilets de sauvetage<br \/>\u2022\u2060 \u2060\u00c9metteur-r\u00e9cepteur radio VHF<br \/>\u2022\u2060 \u2060Syst\u00e8me de navigation GPS<br \/>\u2022\u2060 \u2060\u00c9quipements de premiers soins<\/p>\n<p>[\/et_pb_toggle][et_pb_cta title=\u00a0\u00bbPlus d&rsquo;infos ?\u00a0\u00bb button_text=\u00a0\u00bbPoser une question \u00a0\u00bb _builder_version=\u00a0\u00bb4.17.4&Prime; _module_preset=\u00a0\u00bbdefault\u00a0\u00bb theme_builder_area=\u00a0\u00bbpost_content\u00a0\u00bb custom_button=\u00a0\u00bbon\u00a0\u00bb button_url=\u00a0\u00bbmailto:catamaran.apetahi@gmail.com\u00a0\u00bb button_text_color=\u00a0\u00bb#000000&Prime; button_bg_color=\u00a0\u00bb#87D2F1&Prime; button_bg_enable_color=\u00a0\u00bbon\u00a0\u00bb hover_enabled=\u00a0\u00bb0&Prime; sticky_enabled=\u00a0\u00bb0&Prime;]<\/p>\n<p>Contactez nous<br \/>directement par email !<\/p>\n<p>[\/et_pb_cta][\/et_pb_column][\/et_pb_row][\/et_pb_section]<\/p>\n","protected":false},"excerpt":{"rendered":"<p>Questions \/ R\u00e9ponses\u00a0Croisi\u00e8res Apetahi en Polyn\u00e9sieLes avantages de r\u00e9server une croisi\u00e8re en catamaran en Polyn\u00e9sie sont nombreux : \u2022\u2060 \u2060D\u00e9couverte de plusieurs \u00eeles en un seul voyage (pas de perte de temps \u00e0 l&rsquo;a\u00e9roport, taxi \u00e0 g\u00e9rer, h\u00f4tel, valises \u00e0 transporter)\u2022\u2060 \u2060On vous pr\u00e9parera de d\u00e9licieux repas\u2022\u2060 \u2060L&rsquo;entr\u00e9e dans les passes pour arriver dans le [&hellip;]<\/p>\n","protected":false},"author":1,"featured_media":0,"parent":0,"menu_order":0,"comment_status":"closed","ping_status":"closed","template":"","meta":{"_acf_changed":false,"_et_pb_use_builder":"on","_et_pb_old_content":"","_et_gb_content_width":"","footnotes":""},"class_list":["post-746","page","type-page","status-publish","hentry"],"yoast_head":"<!-- This site is optimized with the Yoast SEO plugin v27.5 - https:\/\/yoast.com\/product\/yoast-seo-wordpress\/ -->\n<title>FAQ - Catamaran Apetahi - Croisi\u00e8re Polyn\u00e9sie<\/title>\n<meta name=\"description\" content=\"Questions\/r\u00e9ponses autour de nos croisi\u00e8res en Polyn\u00e8sie, des conditions de vie \u00e0 bord, activit\u00e9s pour ...\" \/>\n<meta name=\"robots\" content=\"index, follow, max-snippet:-1, max-image-preview:large, max-video-preview:-1\" \/>\n<link rel=\"canonical\" href=\"https:\/\/apetahi.com\/fr\/faq\/\" \/>\n<meta property=\"og:locale\" content=\"fr_FR\" \/>\n<meta property=\"og:type\" content=\"article\" \/>\n<meta property=\"og:title\" content=\"FAQ - Catamaran Apetahi - Croisi\u00e8re Polyn\u00e9sie\" \/>\n<meta property=\"og:description\" content=\"Questions\/r\u00e9ponses autour de nos croisi\u00e8res en Polyn\u00e8sie, des conditions de vie \u00e0 bord, activit\u00e9s pour ...\" \/>\n<meta property=\"og:url\" content=\"https:\/\/apetahi.com\/fr\/faq\/\" \/>\n<meta property=\"og:site_name\" content=\"Catamaran Apetahi\" \/>\n<meta property=\"article:modified_time\" content=\"2025-05-13T00:14:52+00:00\" \/>\n<meta name=\"twitter:card\" content=\"summary_large_image\" \/>\n<script type=\"application\/ld+json\" class=\"yoast-schema-graph\">{\"@context\":\"https:\\\/\\\/schema.org\",\"@graph\":[{\"@type\":\"WebPage\",\"@id\":\"https:\\\/\\\/apetahi.com\\\/fr\\\/faq\\\/\",\"url\":\"https:\\\/\\\/apetahi.com\\\/fr\\\/faq\\\/\",\"name\":\"FAQ - Catamaran Apetahi - Croisi\u00e8re Polyn\u00e9sie\",\"isPartOf\":{\"@id\":\"https:\\\/\\\/apetahi.com\\\/#website\"},\"datePublished\":\"2025-05-12T23:32:28+00:00\",\"dateModified\":\"2025-05-13T00:14:52+00:00\",\"description\":\"Questions\\\/r\u00e9ponses autour de nos croisi\u00e8res en Polyn\u00e8sie, des conditions de vie \u00e0 bord, activit\u00e9s pour ...\",\"breadcrumb\":{\"@id\":\"https:\\\/\\\/apetahi.com\\\/fr\\\/faq\\\/#breadcrumb\"},\"inLanguage\":\"fr-FR\",\"potentialAction\":[{\"@type\":\"ReadAction\",\"target\":[\"https:\\\/\\\/apetahi.com\\\/fr\\\/faq\\\/\"]}]},{\"@type\":\"BreadcrumbList\",\"@id\":\"https:\\\/\\\/apetahi.com\\\/fr\\\/faq\\\/#breadcrumb\",\"itemListElement\":[{\"@type\":\"ListItem\",\"position\":1,\"name\":\"Accueil\",\"item\":\"https:\\\/\\\/apetahi.com\\\/\"},{\"@type\":\"ListItem\",\"position\":2,\"name\":\"FAQ\"}]},{\"@type\":\"WebSite\",\"@id\":\"https:\\\/\\\/apetahi.com\\\/#website\",\"url\":\"https:\\\/\\\/apetahi.com\\\/\",\"name\":\"Catamaran Apetahi\",\"description\":\"Croisi\u00e8res romantiques en Polyn\u00e9sie\",\"potentialAction\":[{\"@type\":\"SearchAction\",\"target\":{\"@type\":\"EntryPoint\",\"urlTemplate\":\"https:\\\/\\\/apetahi.com\\\/?s={search_term_string}\"},\"query-input\":{\"@type\":\"PropertyValueSpecification\",\"valueRequired\":true,\"valueName\":\"search_term_string\"}}],\"inLanguage\":\"fr-FR\"}]}<\/script>\n<!-- \/ Yoast SEO plugin. -->","yoast_head_json":{"title":"FAQ - Catamaran Apetahi - Croisi\u00e8re Polyn\u00e9sie","description":"Questions\/r\u00e9ponses autour de nos croisi\u00e8res en Polyn\u00e8sie, des conditions de vie \u00e0 bord, activit\u00e9s pour ...","robots":{"index":"index","follow":"follow","max-snippet":"max-snippet:-1","max-image-preview":"max-image-preview:large","max-video-preview":"max-video-preview:-1"},"canonical":"https:\/\/apetahi.com\/fr\/faq\/","og_locale":"fr_FR","og_type":"article","og_title":"FAQ - Catamaran Apetahi - Croisi\u00e8re Polyn\u00e9sie","og_description":"Questions\/r\u00e9ponses autour de nos croisi\u00e8res en Polyn\u00e8sie, des conditions de vie \u00e0 bord, activit\u00e9s pour ...","og_url":"https:\/\/apetahi.com\/fr\/faq\/","og_site_name":"Catamaran Apetahi","article_modified_time":"2025-05-13T00:14:52+00:00","twitter_card":"summary_large_image","schema":{"@context":"https:\/\/schema.org","@graph":[{"@type":"WebPage","@id":"https:\/\/apetahi.com\/fr\/faq\/","url":"https:\/\/apetahi.com\/fr\/faq\/","name":"FAQ - Catamaran Apetahi - Croisi\u00e8re Polyn\u00e9sie","isPartOf":{"@id":"https:\/\/apetahi.com\/#website"},"datePublished":"2025-05-12T23:32:28+00:00","dateModified":"2025-05-13T00:14:52+00:00","description":"Questions\/r\u00e9ponses autour de nos croisi\u00e8res en Polyn\u00e8sie, des conditions de vie \u00e0 bord, activit\u00e9s pour ...","breadcrumb":{"@id":"https:\/\/apetahi.com\/fr\/faq\/#breadcrumb"},"inLanguage":"fr-FR","potentialAction":[{"@type":"ReadAction","target":["https:\/\/apetahi.com\/fr\/faq\/"]}]},{"@type":"BreadcrumbList","@id":"https:\/\/apetahi.com\/fr\/faq\/#breadcrumb","itemListElement":[{"@type":"ListItem","position":1,"name":"Accueil","item":"https:\/\/apetahi.com\/"},{"@type":"ListItem","position":2,"name":"FAQ"}]},{"@type":"WebSite","@id":"https:\/\/apetahi.com\/#website","url":"https:\/\/apetahi.com\/","name":"Catamaran Apetahi","description":"Croisi\u00e8res romantiques en Polyn\u00e9sie","potentialAction":[{"@type":"SearchAction","target":{"@type":"EntryPoint","urlTemplate":"https:\/\/apetahi.com\/?s={search_term_string}"},"query-input":{"@type":"PropertyValueSpecification","valueRequired":true,"valueName":"search_term_string"}}],"inLanguage":"fr-FR"}]}},"acf":[],"_links":{"self":[{"href":"https:\/\/apetahi.com\/fr\/wp-json\/wp\/v2\/pages\/746","targetHints":{"allow":["GET"]}}],"collection":[{"href":"https:\/\/apetahi.com\/fr\/wp-json\/wp\/v2\/pages"}],"about":[{"href":"https:\/\/apetahi.com\/fr\/wp-json\/wp\/v2\/types\/page"}],"author":[{"embeddable":true,"href":"https:\/\/apetahi.com\/fr\/wp-json\/wp\/v2\/users\/1"}],"replies":[{"embeddable":true,"href":"https:\/\/apetahi.com\/fr\/wp-json\/wp\/v2\/comments?post=746"}],"version-history":[{"count":0,"href":"https:\/\/apetahi.com\/fr\/wp-json\/wp\/v2\/pages\/746\/revisions"}],"wp:attachment":[{"href":"https:\/\/apetahi.com\/fr\/wp-json\/wp\/v2\/media?parent=746"}],"curies":[{"name":"wp","href":"https:\/\/api.w.org\/{rel}","templated":true}]}}